{"id":2117,"date":"2022-04-28T08:17:20","date_gmt":"2022-04-28T06:17:20","guid":{"rendered":"https:\/\/www.tubs1313.com\/arquetes\/arqueta-tipus-m\/"},"modified":"2024-03-22T10:21:38","modified_gmt":"2024-03-22T09:21:38","slug":"arqueta-tipus-m","status":"publish","type":"page","link":"https:\/\/www.tubs1313.com\/ca\/arquetes\/arqueta-tipus-m\/","title":{"rendered":"Arqueta tipus \u201cM\u201d"},"content":{"rendered":"\t\t<div data-elementor-type=\"wp-page\" data-elementor-id=\"2117\" class=\"elementor elementor-2117 elementor-1079\" data-elementor-post-type=\"page\">\n\t\t\t\t\t\t<section class=\"elementor-section elementor-top-section elementor-element elementor-element-8fde50a elementor-section-content-bottom elementor-section-boxed elementor-section-height-default elementor-section-height-default\" data-id=\"8fde50a\" data-element_type=\"section\" data-settings=\"{&quot;background_background&quot;:&quot;classic&quot;}\">\n\t\t\t\t\t\t\t<div class=\"elementor-background-overlay\"><\/div>\n\t\t\t\t\t\t\t<div class=\"elementor-container elementor-column-gap-default\">\n\t\t\t\t\t<div class=\"elementor-column elementor-col-100 elementor-top-column elementor-element elementor-element-89bb19d\" data-id=\"89bb19d\" data-element_type=\"column\">\n\t\t\t<div class=\"elementor-widget-wrap elementor-element-populated\">\n\t\t\t\t\t\t<div class=\"elementor-element elementor-element-54f3118 no-link elementor-widget elementor-widget-heading\" data-id=\"54f3118\" data-element_type=\"widget\" data-widget_type=\"heading.default\">\n\t\t\t\t<div class=\"elementor-widget-container\">\n\t\t\t<style>\/*! elementor - v3.20.0 - 20-03-2024 *\/\n.elementor-heading-title{padding:0;margin:0;line-height:1}.elementor-widget-heading .elementor-heading-title[class*=elementor-size-]>a{color:inherit;font-size:inherit;line-height:inherit}.elementor-widget-heading .elementor-heading-title.elementor-size-small{font-size:15px}.elementor-widget-heading .elementor-heading-title.elementor-size-medium{font-size:19px}.elementor-widget-heading .elementor-heading-title.elementor-size-large{font-size:29px}.elementor-widget-heading .elementor-heading-title.elementor-size-xl{font-size:39px}.elementor-widget-heading .elementor-heading-title.elementor-size-xxl{font-size:59px}<\/style><h2 class=\"elementor-heading-title elementor-size-default\"><a href=\"https:\/\/www.tubs1313.com\/ca\/arquetes\/\">Arquetes<\/a><\/h2>\t\t<\/div>\n\t\t\t\t<\/div>\n\t\t\t\t<div class=\"elementor-element elementor-element-9a76968 elementor-widget elementor-widget-theme-post-title elementor-page-title elementor-widget-heading\" data-id=\"9a76968\" data-element_type=\"widget\" data-widget_type=\"theme-post-title.default\">\n\t\t\t\t<div class=\"elementor-widget-container\">\n\t\t\t<h1 class=\"elementor-heading-title elementor-size-default\">Arqueta tipus \u201cM\u201d<\/h1>\t\t<\/div>\n\t\t\t\t<\/div>\n\t\t\t\t\t<\/div>\n\t\t<\/div>\n\t\t\t\t\t<\/div>\n\t\t<\/section>\n\t\t\t\t<section class=\"elementor-section elementor-top-section elementor-element elementor-element-ecad5b4 elementor-section-boxed elementor-section-height-default elementor-section-height-default\" data-id=\"ecad5b4\" data-element_type=\"section\">\n\t\t\t\t\t\t<div class=\"elementor-container elementor-column-gap-narrow\">\n\t\t\t\t\t<div class=\"elementor-column elementor-col-50 elementor-top-column elementor-element elementor-element-927d15d\" data-id=\"927d15d\" data-element_type=\"column\">\n\t\t\t<div class=\"elementor-widget-wrap elementor-element-populated\">\n\t\t\t\t\t\t<div class=\"elementor-element elementor-element-3dc420f elementor-widget elementor-widget-image\" data-id=\"3dc420f\" data-element_type=\"widget\" data-widget_type=\"image.default\">\n\t\t\t\t<div class=\"elementor-widget-container\">\n\t\t\t<style>\/*! elementor - v3.20.0 - 20-03-2024 *\/\n.elementor-widget-image{text-align:center}.elementor-widget-image a{display:inline-block}.elementor-widget-image a img[src$=\".svg\"]{width:48px}.elementor-widget-image img{vertical-align:middle;display:inline-block}<\/style>\t\t\t\t\t\t\t\t\t\t<img decoding=\"async\" src=\"https:\/\/www.tubs1313.com\/wp-content\/uploads\/elementor\/thumbs\/Mesa-de-trabajo-10-po0sctz69uq7kgd1ds1772tg576mvons84wnspoy9s.png\" title=\"Mesa de trabajo 10\" alt=\"Mesa de trabajo 10\" loading=\"lazy\" \/>\t\t\t\t\t\t\t\t\t\t\t\t\t<\/div>\n\t\t\t\t<\/div>\n\t\t\t\t\t<\/div>\n\t\t<\/div>\n\t\t\t\t<div class=\"elementor-column elementor-col-50 elementor-top-column elementor-element elementor-element-f0f0ff1\" data-id=\"f0f0ff1\" data-element_type=\"column\">\n\t\t\t<div class=\"elementor-widget-wrap elementor-element-populated\">\n\t\t\t\t\t\t<div class=\"elementor-element elementor-element-0c808ba elementor-widget elementor-widget-image\" data-id=\"0c808ba\" data-element_type=\"widget\" data-widget_type=\"image.default\">\n\t\t\t\t<div class=\"elementor-widget-container\">\n\t\t\t\t\t\t\t\t\t\t\t\t\t<img decoding=\"async\" src=\"https:\/\/www.tubs1313.com\/wp-content\/uploads\/elementor\/thumbs\/arqueta-9-qlhlgfbvfcv6kxurk6b5q95x8dlw3pun4z59jbi7b4.jpg\" title=\"arqueta-9\" alt=\"arqueta-9\" loading=\"lazy\" \/>\t\t\t\t\t\t\t\t\t\t\t\t\t<\/div>\n\t\t\t\t<\/div>\n\t\t\t\t\t<\/div>\n\t\t<\/div>\n\t\t\t\t\t<\/div>\n\t\t<\/section>\n\t\t\t\t<section class=\"elementor-section elementor-top-section elementor-element elementor-element-2cf30b4 elementor-section-boxed elementor-section-height-default elementor-section-height-default\" data-id=\"2cf30b4\" data-element_type=\"section\" data-settings=\"{&quot;background_background&quot;:&quot;classic&quot;}\">\n\t\t\t\t\t\t\t<div class=\"elementor-background-overlay\"><\/div>\n\t\t\t\t\t\t\t<div class=\"elementor-container elementor-column-gap-default\">\n\t\t\t\t\t<div class=\"elementor-column elementor-col-50 elementor-top-column elementor-element elementor-element-45317b4\" data-id=\"45317b4\" data-element_type=\"column\">\n\t\t\t<div class=\"elementor-widget-wrap elementor-element-populated\">\n\t\t\t\t\t\t<div class=\"elementor-element elementor-element-e06b284 elementor-widget elementor-widget-heading\" data-id=\"e06b284\" data-element_type=\"widget\" data-widget_type=\"heading.default\">\n\t\t\t\t<div class=\"elementor-widget-container\">\n\t\t\t<h2 class=\"elementor-heading-title elementor-size-default\">Arqueta tipus \u201cM\u201d<\/h2>\t\t<\/div>\n\t\t\t\t<\/div>\n\t\t\t\t<div class=\"elementor-element elementor-element-821d089 elementor-widget elementor-widget-heading\" data-id=\"821d089\" data-element_type=\"widget\" data-widget_type=\"heading.default\">\n\t\t\t\t<div class=\"elementor-widget-container\">\n\t\t\t<h2 class=\"elementor-heading-title elementor-size-default\">Amb fons<\/h2>\t\t<\/div>\n\t\t\t\t<\/div>\n\t\t\t\t<div class=\"elementor-element elementor-element-9a0faa8 elementor-icon-list--layout-traditional elementor-list-item-link-full_width elementor-widget elementor-widget-icon-list\" data-id=\"9a0faa8\" data-element_type=\"widget\" data-widget_type=\"icon-list.default\">\n\t\t\t\t<div class=\"elementor-widget-container\">\n\t\t\t<link rel=\"stylesheet\" href=\"https:\/\/www.tubs1313.com\/wp-content\/plugins\/elementor\/assets\/css\/widget-icon-list.min.css\">\t\t<ul class=\"elementor-icon-list-items\">\n\t\t\t\t\t\t\t<li class=\"elementor-icon-list-item\">\n\t\t\t\t\t\t\t\t\t\t\t<span class=\"elementor-icon-list-icon\">\n\t\t\t\t\t\t\t<i aria-hidden=\"true\" class=\"fas fa-circle\"><\/i>\t\t\t\t\t\t<\/span>\n\t\t\t\t\t\t\t\t\t\t<span class=\"elementor-icon-list-text\">Pes: 180 kg.<\/span>\n\t\t\t\t\t\t\t\t\t<\/li>\n\t\t\t\t\t\t\t\t<li class=\"elementor-icon-list-item\">\n\t\t\t\t\t\t\t\t\t\t\t<span class=\"elementor-icon-list-icon\">\n\t\t\t\t\t\t\t<i aria-hidden=\"true\" class=\"fas fa-circle\"><\/i>\t\t\t\t\t\t<\/span>\n\t\t\t\t\t\t\t\t\t\t<span class=\"elementor-icon-list-text\">8 unitats per palet.<\/span>\n\t\t\t\t\t\t\t\t\t<\/li>\n\t\t\t\t\t\t<\/ul>\n\t\t\t\t<\/div>\n\t\t\t\t<\/div>\n\t\t\t\t\t<\/div>\n\t\t<\/div>\n\t\t\t\t<div class=\"elementor-column elementor-col-50 elementor-top-column elementor-element elementor-element-3bfd4ea\" data-id=\"3bfd4ea\" data-element_type=\"column\">\n\t\t\t<div class=\"elementor-widget-wrap elementor-element-populated\">\n\t\t\t\t\t\t<div class=\"elementor-element elementor-element-9df6a80 elementor-widget elementor-widget-heading\" data-id=\"9df6a80\" data-element_type=\"widget\" data-widget_type=\"heading.default\">\n\t\t\t\t<div class=\"elementor-widget-container\">\n\t\t\t<h2 class=\"elementor-heading-title elementor-size-default\">Arqueta tipus \u201cM\u201d<\/h2>\t\t<\/div>\n\t\t\t\t<\/div>\n\t\t\t\t<div class=\"elementor-element elementor-element-12410a6 elementor-widget elementor-widget-heading\" data-id=\"12410a6\" data-element_type=\"widget\" data-widget_type=\"heading.default\">\n\t\t\t\t<div class=\"elementor-widget-container\">\n\t\t\t<h2 class=\"elementor-heading-title elementor-size-default\">Sense fons<\/h2>\t\t<\/div>\n\t\t\t\t<\/div>\n\t\t\t\t<div class=\"elementor-element elementor-element-d0b3463 elementor-icon-list--layout-traditional elementor-list-item-link-full_width elementor-widget elementor-widget-icon-list\" data-id=\"d0b3463\" data-element_type=\"widget\" data-widget_type=\"icon-list.default\">\n\t\t\t\t<div class=\"elementor-widget-container\">\n\t\t\t\t\t<ul class=\"elementor-icon-list-items\">\n\t\t\t\t\t\t\t<li class=\"elementor-icon-list-item\">\n\t\t\t\t\t\t\t\t\t\t\t<span class=\"elementor-icon-list-icon\">\n\t\t\t\t\t\t\t<i aria-hidden=\"true\" class=\"fas fa-circle\"><\/i>\t\t\t\t\t\t<\/span>\n\t\t\t\t\t\t\t\t\t\t<span class=\"elementor-icon-list-text\">Pes: 165 kg.<\/span>\n\t\t\t\t\t\t\t\t\t<\/li>\n\t\t\t\t\t\t\t\t<li class=\"elementor-icon-list-item\">\n\t\t\t\t\t\t\t\t\t\t\t<span class=\"elementor-icon-list-icon\">\n\t\t\t\t\t\t\t<i aria-hidden=\"true\" class=\"fas fa-circle\"><\/i>\t\t\t\t\t\t<\/span>\n\t\t\t\t\t\t\t\t\t\t<span class=\"elementor-icon-list-text\">8 unitats per palet.<\/span>\n\t\t\t\t\t\t\t\t\t<\/li>\n\t\t\t\t\t\t<\/ul>\n\t\t\t\t<\/div>\n\t\t\t\t<\/div>\n\t\t\t\t\t<\/div>\n\t\t<\/div>\n\t\t\t\t\t<\/div>\n\t\t<\/section>\n\t\t\t\t<section class=\"elementor-section elementor-top-section elementor-element elementor-element-ababdf4 elementor-section-boxed elementor-section-height-default elementor-section-height-default\" data-id=\"ababdf4\" data-element_type=\"section\" data-settings=\"{&quot;background_background&quot;:&quot;classic&quot;}\">\n\t\t\t\t\t\t\t<div class=\"elementor-background-overlay\"><\/div>\n\t\t\t\t\t\t\t<div class=\"elementor-container elementor-column-gap-default\">\n\t\t\t\t\t<div class=\"elementor-column elementor-col-100 elementor-top-column elementor-element elementor-element-203cd62\" data-id=\"203cd62\" data-element_type=\"column\">\n\t\t\t<div class=\"elementor-widget-wrap elementor-element-populated\">\n\t\t\t\t\t\t<section class=\"elementor-section elementor-inner-section elementor-element elementor-element-e8f9276 elementor-section-content-middle elementor-section-boxed elementor-section-height-default elementor-section-height-default\" data-id=\"e8f9276\" data-element_type=\"section\">\n\t\t\t\t\t\t<div class=\"elementor-container elementor-column-gap-default\">\n\t\t\t\t\t<div class=\"elementor-column elementor-col-50 elementor-inner-column elementor-element elementor-element-8ed6be7\" data-id=\"8ed6be7\" data-element_type=\"column\">\n\t\t\t<div class=\"elementor-widget-wrap elementor-element-populated\">\n\t\t\t\t\t\t<div class=\"elementor-element elementor-element-2f5e18f elementor-widget elementor-widget-heading\" data-id=\"2f5e18f\" data-element_type=\"widget\" data-widget_type=\"heading.default\">\n\t\t\t\t<div class=\"elementor-widget-container\">\n\t\t\t<h2 class=\"elementor-heading-title elementor-size-default\">Arqueta tipus \u201cM\u201d<\/h2>\t\t<\/div>\n\t\t\t\t<\/div>\n\t\t\t\t<div class=\"elementor-element elementor-element-865119e elementor-widget elementor-widget-heading\" data-id=\"865119e\" data-element_type=\"widget\" data-widget_type=\"heading.default\">\n\t\t\t\t<div class=\"elementor-widget-container\">\n\t\t\t<h2 class=\"elementor-heading-title elementor-size-default\">Caracter\u00edstiques<\/h2>\t\t<\/div>\n\t\t\t\t<\/div>\n\t\t\t\t\t<\/div>\n\t\t<\/div>\n\t\t\t\t<div class=\"elementor-column elementor-col-50 elementor-inner-column elementor-element elementor-element-5e796d7\" data-id=\"5e796d7\" data-element_type=\"column\">\n\t\t\t<div class=\"elementor-widget-wrap elementor-element-populated\">\n\t\t\t\t\t\t<div class=\"elementor-element elementor-element-4c01d85 elementor-align-right elementor-widget elementor-widget-button\" data-id=\"4c01d85\" data-element_type=\"widget\" data-widget_type=\"button.default\">\n\t\t\t\t<div class=\"elementor-widget-container\">\n\t\t\t\t\t<div class=\"elementor-button-wrapper\">\n\t\t\t<a class=\"elementor-button elementor-button-link elementor-size-sm\" href=\"https:\/\/www.tubs1313.com\/wp-content\/uploads\/2022\/04\/fitxes-tubs1313-2019-arrastrado_compressed-12.pdf\">\n\t\t\t\t\t\t<span class=\"elementor-button-content-wrapper\">\n\t\t\t\t\t\t<span class=\"elementor-button-text\">Descarregar fitxa<\/span>\n\t\t<\/span>\n\t\t\t\t\t<\/a>\n\t\t<\/div>\n\t\t\t\t<\/div>\n\t\t\t\t<\/div>\n\t\t\t\t\t<\/div>\n\t\t<\/div>\n\t\t\t\t\t<\/div>\n\t\t<\/section>\n\t\t\t\t<section class=\"elementor-section elementor-inner-section elementor-element elementor-element-422dcc2 elementor-section-boxed elementor-section-height-default elementor-section-height-default\" data-id=\"422dcc2\" data-element_type=\"section\">\n\t\t\t\t\t\t<div class=\"elementor-container elementor-column-gap-default\">\n\t\t\t\t\t<div class=\"elementor-column elementor-col-100 elementor-inner-column elementor-element elementor-element-bf8d8d3\" data-id=\"bf8d8d3\" data-element_type=\"column\">\n\t\t\t<div class=\"elementor-widget-wrap elementor-element-populated\">\n\t\t\t\t\t\t<div class=\"elementor-element elementor-element-85f435c elementor-icon-list--layout-traditional elementor-list-item-link-full_width elementor-widget elementor-widget-icon-list\" data-id=\"85f435c\" data-element_type=\"widget\" data-widget_type=\"icon-list.default\">\n\t\t\t\t<div class=\"elementor-widget-container\">\n\t\t\t\t\t<ul class=\"elementor-icon-list-items\">\n\t\t\t\t\t\t\t<li class=\"elementor-icon-list-item\">\n\t\t\t\t\t\t\t\t\t\t\t<span class=\"elementor-icon-list-icon\">\n\t\t\t\t\t\t\t<i aria-hidden=\"true\" class=\"fas fa-circle\"><\/i>\t\t\t\t\t\t<\/span>\n\t\t\t\t\t\t\t\t\t\t<span class=\"elementor-icon-list-text\">Les mesures i pesos s\u00f3n nominals i en cent\u00edmetres.<\/span>\n\t\t\t\t\t\t\t\t\t<\/li>\n\t\t\t\t\t\t\t\t<li class=\"elementor-icon-list-item\">\n\t\t\t\t\t\t\t\t\t\t\t<span class=\"elementor-icon-list-icon\">\n\t\t\t\t\t\t\t<i aria-hidden=\"true\" class=\"fas fa-circle\"><\/i>\t\t\t\t\t\t<\/span>\n\t\t\t\t\t\t\t\t\t\t<span class=\"elementor-icon-list-text\">Resist\u00e8ncia a la compressi\u00f3 350 kg\/cm\u00b2 segons UNE 83300\u00b73\u00b74\/84, 8313\/90 i 83301\/91.<\/span>\n\t\t\t\t\t\t\t\t\t<\/li>\n\t\t\t\t\t\t\t\t<li class=\"elementor-icon-list-item\">\n\t\t\t\t\t\t\t\t\t\t\t<span class=\"elementor-icon-list-icon\">\n\t\t\t\t\t\t\t<i aria-hidden=\"true\" class=\"fas fa-circle\"><\/i>\t\t\t\t\t\t<\/span>\n\t\t\t\t\t\t\t\t\t\t<span class=\"elementor-icon-list-text\">El control de qualitat es realitza mitjan\u00e7ant assajos en laboratoris homologats.<\/span>\n\t\t\t\t\t\t\t\t\t<\/li>\n\t\t\t\t\t\t<\/ul>\n\t\t\t\t<\/div>\n\t\t\t\t<\/div>\n\t\t\t\t\t<\/div>\n\t\t<\/div>\n\t\t\t\t\t<\/div>\n\t\t<\/section>\n\t\t\t\t\t<\/div>\n\t\t<\/div>\n\t\t\t\t\t<\/div>\n\t\t<\/section>\n\t\t\t\t<\/div>\n\t\t","protected":false},"excerpt":{"rendered":"<p>Arquetes Arqueta tipus \u201cM\u201d Amb fons Pes: 180 kg. 8 unitats per palet. Arqueta tipus \u201cM\u201d Sense fons Pes: 165 kg. 8 unitats per palet. Caracter\u00edstiques Descarregar fitxa Les mesures i pesos s\u00f3n nominals i en cent\u00edmetres. Resist\u00e8ncia a la compressi\u00f3 350 kg\/cm\u00b2 segons UNE 83300\u00b73\u00b74\/84, 8313\/90 i 83301\/91. El control de qualitat es realitza &hellip;<\/p>\n<p class=\"read-more\"> <a class=\"\" href=\"https:\/\/www.tubs1313.com\/ca\/arquetes\/arqueta-tipus-m\/\"> <span class=\"screen-reader-text\">Arqueta tipus \u201cM\u201d<\/span> Llegeix m\u00e9s &raquo;<\/a><\/p>\n","protected":false},"author":1,"featured_media":2017,"parent":2107,"menu_order":0,"comment_status":"closed","ping_status":"closed","template":"elementor_header_footer","meta":{"site-sidebar-layout":"no-sidebar","site-content-layout":"page-builder","ast-main-header-display":"","ast-hfb-above-header-display":"","ast-hfb-below-header-display":"","ast-hfb-mobile-header-display":"","site-post-title":"disabled","ast-breadcrumbs-content":"","ast-featured-img":"disabled","footer-sml-layout":"","theme-transparent-header-meta":"","adv-header-id-meta":"","stick-header-meta":"","header-above-stick-meta":"","header-main-stick-meta":"","header-below-stick-meta":"","footnotes":""},"categoria":[20],"class_list":["post-2117","page","type-page","status-publish","has-post-thumbnail","hentry","categoria-arqueta"],"yoast_head":"<!-- This site is optimized with the Yoast SEO plugin v22.3 - https:\/\/yoast.com\/wordpress\/plugins\/seo\/ -->\n<title>Arqueta tipus \u201cM\u201d - Tubs1313<\/title>\n<meta name=\"robots\" content=\"index, follow, max-snippet:-1, max-image-preview:large, max-video-preview:-1\" \/>\n<link rel=\"canonical\" href=\"https:\/\/www.tubs1313.com\/arquetas\/arqueta-tipo-m\/\" \/>\n<meta property=\"og:locale\" content=\"ca_ES\" \/>\n<meta property=\"og:type\" content=\"article\" \/>\n<meta property=\"og:title\" content=\"Arqueta tipus \u201cM\u201d - Tubs1313\" \/>\n<meta property=\"og:description\" content=\"Arquetes Arqueta tipus \u201cM\u201d Amb fons Pes: 180 kg. 8 unitats per palet. Arqueta tipus \u201cM\u201d Sense fons Pes: 165 kg. 8 unitats per palet. Caracter\u00edstiques Descarregar fitxa Les mesures i pesos s\u00f3n nominals i en cent\u00edmetres. Resist\u00e8ncia a la compressi\u00f3 350 kg\/cm\u00b2 segons UNE 83300\u00b73\u00b74\/84, 8313\/90 i 83301\/91. El control de qualitat es realitza &hellip; Arqueta tipus \u201cM\u201d Llegeix m\u00e9s &raquo;\" \/>\n<meta property=\"og:url\" content=\"https:\/\/www.tubs1313.com\/arquetas\/arqueta-tipo-m\/\" \/>\n<meta property=\"og:site_name\" content=\"Tubs1313\" \/>\n<meta property=\"article:modified_time\" content=\"2024-03-22T09:21:38+00:00\" \/>\n<meta property=\"og:image\" content=\"https:\/\/www.tubs1313.com\/wp-content\/uploads\/2022\/04\/Mesa-de-trabajo-10.png\" \/>\n\t<meta property=\"og:image:width\" content=\"801\" \/>\n\t<meta property=\"og:image:height\" content=\"801\" \/>\n\t<meta property=\"og:image:type\" content=\"image\/png\" \/>\n<meta name=\"twitter:card\" content=\"summary_large_image\" \/>\n<script type=\"application\/ld+json\" class=\"yoast-schema-graph\">{\"@context\":\"https:\/\/schema.org\",\"@graph\":[{\"@type\":\"WebPage\",\"@id\":\"https:\/\/www.tubs1313.com\/arquetas\/arqueta-tipo-m\/\",\"url\":\"https:\/\/www.tubs1313.com\/arquetas\/arqueta-tipo-m\/\",\"name\":\"Arqueta tipus \u201cM\u201d - Tubs1313\",\"isPartOf\":{\"@id\":\"https:\/\/www.tubs1313.com\/#website\"},\"primaryImageOfPage\":{\"@id\":\"https:\/\/www.tubs1313.com\/arquetas\/arqueta-tipo-m\/#primaryimage\"},\"image\":{\"@id\":\"https:\/\/www.tubs1313.com\/arquetas\/arqueta-tipo-m\/#primaryimage\"},\"thumbnailUrl\":\"https:\/\/www.tubs1313.com\/wp-content\/uploads\/2022\/04\/Mesa-de-trabajo-10.png\",\"datePublished\":\"2022-04-28T06:17:20+00:00\",\"dateModified\":\"2024-03-22T09:21:38+00:00\",\"breadcrumb\":{\"@id\":\"https:\/\/www.tubs1313.com\/arquetas\/arqueta-tipo-m\/#breadcrumb\"},\"inLanguage\":\"ca\",\"potentialAction\":[{\"@type\":\"ReadAction\",\"target\":[\"https:\/\/www.tubs1313.com\/arquetas\/arqueta-tipo-m\/\"]}]},{\"@type\":\"ImageObject\",\"inLanguage\":\"ca\",\"@id\":\"https:\/\/www.tubs1313.com\/arquetas\/arqueta-tipo-m\/#primaryimage\",\"url\":\"https:\/\/www.tubs1313.com\/wp-content\/uploads\/2022\/04\/Mesa-de-trabajo-10.png\",\"contentUrl\":\"https:\/\/www.tubs1313.com\/wp-content\/uploads\/2022\/04\/Mesa-de-trabajo-10.png\",\"width\":801,\"height\":801},{\"@type\":\"BreadcrumbList\",\"@id\":\"https:\/\/www.tubs1313.com\/arquetas\/arqueta-tipo-m\/#breadcrumb\",\"itemListElement\":[{\"@type\":\"ListItem\",\"position\":1,\"name\":\"Inici\",\"item\":\"https:\/\/www.tubs1313.com\/\"},{\"@type\":\"ListItem\",\"position\":2,\"name\":\"Arquetes\",\"item\":\"https:\/\/www.tubs1313.com\/arquetas\/\"},{\"@type\":\"ListItem\",\"position\":3,\"name\":\"Arqueta tipus \u201cM\u201d\"}]},{\"@type\":\"WebSite\",\"@id\":\"https:\/\/www.tubs1313.com\/#website\",\"url\":\"https:\/\/www.tubs1313.com\/\",\"name\":\"Tubs1313\",\"description\":\"Prefabricados de hormig\u00f3n\",\"publisher\":{\"@id\":\"https:\/\/www.tubs1313.com\/#organization\"},\"potentialAction\":[{\"@type\":\"SearchAction\",\"target\":{\"@type\":\"EntryPoint\",\"urlTemplate\":\"https:\/\/www.tubs1313.com\/?s={search_term_string}\"},\"query-input\":\"required name=search_term_string\"}],\"inLanguage\":\"ca\"},{\"@type\":\"Organization\",\"@id\":\"https:\/\/www.tubs1313.com\/#organization\",\"name\":\"Tubs1313\",\"url\":\"https:\/\/www.tubs1313.com\/\",\"logo\":{\"@type\":\"ImageObject\",\"inLanguage\":\"ca\",\"@id\":\"https:\/\/www.tubs1313.com\/#\/schema\/logo\/image\/\",\"url\":\"https:\/\/www.tubs1313.com\/wp-content\/uploads\/2023\/10\/cropped-tubs1313-logo.png\",\"contentUrl\":\"https:\/\/www.tubs1313.com\/wp-content\/uploads\/2023\/10\/cropped-tubs1313-logo.png\",\"width\":500,\"height\":378,\"caption\":\"Tubs1313\"},\"image\":{\"@id\":\"https:\/\/www.tubs1313.com\/#\/schema\/logo\/image\/\"}}]}<\/script>\n<!-- \/ Yoast SEO plugin. -->","yoast_head_json":{"title":"Arqueta tipus \u201cM\u201d - Tubs1313","robots":{"index":"index","follow":"follow","max-snippet":"max-snippet:-1","max-image-preview":"max-image-preview:large","max-video-preview":"max-video-preview:-1"},"canonical":"https:\/\/www.tubs1313.com\/arquetas\/arqueta-tipo-m\/","og_locale":"ca_ES","og_type":"article","og_title":"Arqueta tipus \u201cM\u201d - Tubs1313","og_description":"Arquetes Arqueta tipus \u201cM\u201d Amb fons Pes: 180 kg. 8 unitats per palet. Arqueta tipus \u201cM\u201d Sense fons Pes: 165 kg. 8 unitats per palet. Caracter\u00edstiques Descarregar fitxa Les mesures i pesos s\u00f3n nominals i en cent\u00edmetres. Resist\u00e8ncia a la compressi\u00f3 350 kg\/cm\u00b2 segons UNE 83300\u00b73\u00b74\/84, 8313\/90 i 83301\/91. El control de qualitat es realitza &hellip; Arqueta tipus \u201cM\u201d Llegeix m\u00e9s &raquo;","og_url":"https:\/\/www.tubs1313.com\/arquetas\/arqueta-tipo-m\/","og_site_name":"Tubs1313","article_modified_time":"2024-03-22T09:21:38+00:00","og_image":[{"width":801,"height":801,"url":"https:\/\/www.tubs1313.com\/wp-content\/uploads\/2022\/04\/Mesa-de-trabajo-10.png","type":"image\/png"}],"twitter_card":"summary_large_image","schema":{"@context":"https:\/\/schema.org","@graph":[{"@type":"WebPage","@id":"https:\/\/www.tubs1313.com\/arquetas\/arqueta-tipo-m\/","url":"https:\/\/www.tubs1313.com\/arquetas\/arqueta-tipo-m\/","name":"Arqueta tipus \u201cM\u201d - Tubs1313","isPartOf":{"@id":"https:\/\/www.tubs1313.com\/#website"},"primaryImageOfPage":{"@id":"https:\/\/www.tubs1313.com\/arquetas\/arqueta-tipo-m\/#primaryimage"},"image":{"@id":"https:\/\/www.tubs1313.com\/arquetas\/arqueta-tipo-m\/#primaryimage"},"thumbnailUrl":"https:\/\/www.tubs1313.com\/wp-content\/uploads\/2022\/04\/Mesa-de-trabajo-10.png","datePublished":"2022-04-28T06:17:20+00:00","dateModified":"2024-03-22T09:21:38+00:00","breadcrumb":{"@id":"https:\/\/www.tubs1313.com\/arquetas\/arqueta-tipo-m\/#breadcrumb"},"inLanguage":"ca","potentialAction":[{"@type":"ReadAction","target":["https:\/\/www.tubs1313.com\/arquetas\/arqueta-tipo-m\/"]}]},{"@type":"ImageObject","inLanguage":"ca","@id":"https:\/\/www.tubs1313.com\/arquetas\/arqueta-tipo-m\/#primaryimage","url":"https:\/\/www.tubs1313.com\/wp-content\/uploads\/2022\/04\/Mesa-de-trabajo-10.png","contentUrl":"https:\/\/www.tubs1313.com\/wp-content\/uploads\/2022\/04\/Mesa-de-trabajo-10.png","width":801,"height":801},{"@type":"BreadcrumbList","@id":"https:\/\/www.tubs1313.com\/arquetas\/arqueta-tipo-m\/#breadcrumb","itemListElement":[{"@type":"ListItem","position":1,"name":"Inici","item":"https:\/\/www.tubs1313.com\/"},{"@type":"ListItem","position":2,"name":"Arquetes","item":"https:\/\/www.tubs1313.com\/arquetas\/"},{"@type":"ListItem","position":3,"name":"Arqueta tipus \u201cM\u201d"}]},{"@type":"WebSite","@id":"https:\/\/www.tubs1313.com\/#website","url":"https:\/\/www.tubs1313.com\/","name":"Tubs1313","description":"Prefabricados de hormig\u00f3n","publisher":{"@id":"https:\/\/www.tubs1313.com\/#organization"},"potentialAction":[{"@type":"SearchAction","target":{"@type":"EntryPoint","urlTemplate":"https:\/\/www.tubs1313.com\/?s={search_term_string}"},"query-input":"required name=search_term_string"}],"inLanguage":"ca"},{"@type":"Organization","@id":"https:\/\/www.tubs1313.com\/#organization","name":"Tubs1313","url":"https:\/\/www.tubs1313.com\/","logo":{"@type":"ImageObject","inLanguage":"ca","@id":"https:\/\/www.tubs1313.com\/#\/schema\/logo\/image\/","url":"https:\/\/www.tubs1313.com\/wp-content\/uploads\/2023\/10\/cropped-tubs1313-logo.png","contentUrl":"https:\/\/www.tubs1313.com\/wp-content\/uploads\/2023\/10\/cropped-tubs1313-logo.png","width":500,"height":378,"caption":"Tubs1313"},"image":{"@id":"https:\/\/www.tubs1313.com\/#\/schema\/logo\/image\/"}}]}},"acf":[],"_links":{"self":[{"href":"https:\/\/www.tubs1313.com\/ca\/wp-json\/wp\/v2\/pages\/2117","targetHints":{"allow":["GET"]}}],"collection":[{"href":"https:\/\/www.tubs1313.com\/ca\/wp-json\/wp\/v2\/pages"}],"about":[{"href":"https:\/\/www.tubs1313.com\/ca\/wp-json\/wp\/v2\/types\/page"}],"author":[{"embeddable":true,"href":"https:\/\/www.tubs1313.com\/ca\/wp-json\/wp\/v2\/users\/1"}],"replies":[{"embeddable":true,"href":"https:\/\/www.tubs1313.com\/ca\/wp-json\/wp\/v2\/comments?post=2117"}],"version-history":[{"count":4,"href":"https:\/\/www.tubs1313.com\/ca\/wp-json\/wp\/v2\/pages\/2117\/revisions"}],"predecessor-version":[{"id":2450,"href":"https:\/\/www.tubs1313.com\/ca\/wp-json\/wp\/v2\/pages\/2117\/revisions\/2450"}],"up":[{"embeddable":true,"href":"https:\/\/www.tubs1313.com\/ca\/wp-json\/wp\/v2\/pages\/2107"}],"wp:featuredmedia":[{"embeddable":true,"href":"https:\/\/www.tubs1313.com\/ca\/wp-json\/wp\/v2\/media\/2017"}],"wp:attachment":[{"href":"https:\/\/www.tubs1313.com\/ca\/wp-json\/wp\/v2\/media?parent=2117"}],"wp:term":[{"taxonomy":"categoria","embeddable":true,"href":"https:\/\/www.tubs1313.com\/ca\/wp-json\/wp\/v2\/categoria?post=2117"}],"curies":[{"name":"wp","href":"https:\/\/api.w.org\/{rel}","templated":true}]}}