{"id":2147,"date":"2022-04-28T09:43:37","date_gmt":"2022-04-28T07:43:37","guid":{"rendered":"https:\/\/www.tubs1313.com\/canals\/canal-cuneta\/"},"modified":"2024-03-22T10:32:26","modified_gmt":"2024-03-22T09:32:26","slug":"canal-cuneta","status":"publish","type":"page","link":"https:\/\/www.tubs1313.com\/ca\/canals\/canal-cuneta\/","title":{"rendered":"Canal cuneta"},"content":{"rendered":"\t\t<div data-elementor-type=\"wp-page\" data-elementor-id=\"2147\" class=\"elementor elementor-2147 elementor-1239\" data-elementor-post-type=\"page\">\n\t\t\t\t\t\t<section class=\"elementor-section elementor-top-section elementor-element elementor-element-8fde50a elementor-section-content-bottom elementor-section-boxed elementor-section-height-default elementor-section-height-default\" data-id=\"8fde50a\" data-element_type=\"section\" data-settings=\"{&quot;background_background&quot;:&quot;classic&quot;}\">\n\t\t\t\t\t\t\t<div class=\"elementor-background-overlay\"><\/div>\n\t\t\t\t\t\t\t<div class=\"elementor-container elementor-column-gap-default\">\n\t\t\t\t\t<div class=\"elementor-column elementor-col-100 elementor-top-column elementor-element elementor-element-89bb19d\" data-id=\"89bb19d\" data-element_type=\"column\">\n\t\t\t<div class=\"elementor-widget-wrap elementor-element-populated\">\n\t\t\t\t\t\t<div class=\"elementor-element elementor-element-bb19829 no-link elementor-widget elementor-widget-heading\" data-id=\"bb19829\" data-element_type=\"widget\" data-widget_type=\"heading.default\">\n\t\t\t\t<div class=\"elementor-widget-container\">\n\t\t\t<style>\/*! elementor - v3.20.0 - 20-03-2024 *\/\n.elementor-heading-title{padding:0;margin:0;line-height:1}.elementor-widget-heading .elementor-heading-title[class*=elementor-size-]>a{color:inherit;font-size:inherit;line-height:inherit}.elementor-widget-heading .elementor-heading-title.elementor-size-small{font-size:15px}.elementor-widget-heading .elementor-heading-title.elementor-size-medium{font-size:19px}.elementor-widget-heading .elementor-heading-title.elementor-size-large{font-size:29px}.elementor-widget-heading .elementor-heading-title.elementor-size-xl{font-size:39px}.elementor-widget-heading .elementor-heading-title.elementor-size-xxl{font-size:59px}<\/style><h2 class=\"elementor-heading-title elementor-size-default\"><a href=\"https:\/\/www.tubs1313.com\/ca\/canals\/\">Canals<\/a><\/h2>\t\t<\/div>\n\t\t\t\t<\/div>\n\t\t\t\t<div class=\"elementor-element elementor-element-9a76968 elementor-widget elementor-widget-theme-post-title elementor-page-title elementor-widget-heading\" data-id=\"9a76968\" data-element_type=\"widget\" data-widget_type=\"theme-post-title.default\">\n\t\t\t\t<div class=\"elementor-widget-container\">\n\t\t\t<h1 class=\"elementor-heading-title elementor-size-default\">Canal cuneta<\/h1>\t\t<\/div>\n\t\t\t\t<\/div>\n\t\t\t\t\t<\/div>\n\t\t<\/div>\n\t\t\t\t\t<\/div>\n\t\t<\/section>\n\t\t\t\t<section class=\"elementor-section elementor-top-section elementor-element elementor-element-ecad5b4 elementor-section-boxed elementor-section-height-default elementor-section-height-default\" data-id=\"ecad5b4\" data-element_type=\"section\">\n\t\t\t\t\t\t<div class=\"elementor-container elementor-column-gap-narrow\">\n\t\t\t\t\t<div class=\"elementor-column elementor-col-50 elementor-top-column elementor-element elementor-element-927d15d\" data-id=\"927d15d\" data-element_type=\"column\">\n\t\t\t<div class=\"elementor-widget-wrap elementor-element-populated\">\n\t\t\t\t\t\t<div class=\"elementor-element elementor-element-3dc420f elementor-widget elementor-widget-image\" data-id=\"3dc420f\" data-element_type=\"widget\" data-widget_type=\"image.default\">\n\t\t\t\t<div class=\"elementor-widget-container\">\n\t\t\t<style>\/*! elementor - v3.20.0 - 20-03-2024 *\/\n.elementor-widget-image{text-align:center}.elementor-widget-image a{display:inline-block}.elementor-widget-image a img[src$=\".svg\"]{width:48px}.elementor-widget-image img{vertical-align:middle;display:inline-block}<\/style>\t\t\t\t\t\t\t\t\t\t<img decoding=\"async\" src=\"https:\/\/www.tubs1313.com\/wp-content\/uploads\/elementor\/thumbs\/Mesa-de-trabajo-11-1-po0vh8idjmllxr380v63v7otgz5scnw8ohdysx1474.png\" title=\"Mesa de trabajo 11\" alt=\"Mesa de trabajo 11\" loading=\"lazy\" \/>\t\t\t\t\t\t\t\t\t\t\t\t\t<\/div>\n\t\t\t\t<\/div>\n\t\t\t\t<div class=\"elementor-element elementor-element-a6fdb57 item-circle elementor-widget__width-initial elementor-widget elementor-widget-icon-box\" data-id=\"a6fdb57\" data-element_type=\"widget\" data-widget_type=\"icon-box.default\">\n\t\t\t\t<div class=\"elementor-widget-container\">\n\t\t\t<link rel=\"stylesheet\" href=\"https:\/\/www.tubs1313.com\/wp-content\/plugins\/elementor\/assets\/css\/widget-icon-box.min.css\">\t\t<div class=\"elementor-icon-box-wrapper\">\n\t\t\t\t\t\t<div class=\"elementor-icon-box-content\">\n\t\t\t\t<h3 class=\"elementor-icon-box-title\">\n\t\t\t\t\t<span  >\n\t\t\t\t\t\tPes\t\t\t\t\t<\/span>\n\t\t\t\t<\/h3>\n\t\t\t\t\t\t\t\t\t<p class=\"elementor-icon-box-description\">\n\t\t\t\t\t\t94 kg\/Un.\t\t\t\t\t<\/p>\n\t\t\t\t\t\t\t<\/div>\n\t\t<\/div>\n\t\t\t\t<\/div>\n\t\t\t\t<\/div>\n\t\t\t\t\t<\/div>\n\t\t<\/div>\n\t\t\t\t<div class=\"elementor-column elementor-col-50 elementor-top-column elementor-element elementor-element-f0f0ff1\" data-id=\"f0f0ff1\" data-element_type=\"column\">\n\t\t\t<div class=\"elementor-widget-wrap elementor-element-populated\">\n\t\t\t\t\t\t<div class=\"elementor-element elementor-element-dee86e7 elementor-widget elementor-widget-image\" data-id=\"dee86e7\" data-element_type=\"widget\" data-widget_type=\"image.default\">\n\t\t\t\t<div class=\"elementor-widget-container\">\n\t\t\t\t\t\t\t\t\t\t\t\t\t<img decoding=\"async\" src=\"https:\/\/www.tubs1313.com\/wp-content\/uploads\/2022\/04\/Mesa-de-trabajo-26-1.svg\" class=\"attachment-full size-full wp-image-1213\" alt=\"\" \/>\t\t\t\t\t\t\t\t\t\t\t\t\t<\/div>\n\t\t\t\t<\/div>\n\t\t\t\t\t<\/div>\n\t\t<\/div>\n\t\t\t\t\t<\/div>\n\t\t<\/section>\n\t\t\t\t<section class=\"elementor-section elementor-top-section elementor-element elementor-element-1a20b7f elementor-section-boxed elementor-section-height-default elementor-section-height-default\" data-id=\"1a20b7f\" data-element_type=\"section\">\n\t\t\t\t\t\t<div class=\"elementor-container elementor-column-gap-default\">\n\t\t\t\t\t<div class=\"elementor-column elementor-col-20 elementor-top-column elementor-element elementor-element-0071e5d\" data-id=\"0071e5d\" data-element_type=\"column\">\n\t\t\t<div class=\"elementor-widget-wrap\">\n\t\t\t\t\t\t\t<\/div>\n\t\t<\/div>\n\t\t\t\t<div class=\"elementor-column elementor-col-20 elementor-top-column elementor-element elementor-element-d160979\" data-id=\"d160979\" data-element_type=\"column\">\n\t\t\t<div class=\"elementor-widget-wrap\">\n\t\t\t\t\t\t\t<\/div>\n\t\t<\/div>\n\t\t\t\t<div class=\"elementor-column elementor-col-20 elementor-top-column elementor-element elementor-element-6210fd6\" data-id=\"6210fd6\" data-element_type=\"column\">\n\t\t\t<div class=\"elementor-widget-wrap\">\n\t\t\t\t\t\t\t<\/div>\n\t\t<\/div>\n\t\t\t\t<div class=\"elementor-column elementor-col-20 elementor-top-column elementor-element elementor-element-536597c\" data-id=\"536597c\" data-element_type=\"column\">\n\t\t\t<div class=\"elementor-widget-wrap\">\n\t\t\t\t\t\t\t<\/div>\n\t\t<\/div>\n\t\t\t\t<div class=\"elementor-column elementor-col-20 elementor-top-column elementor-element elementor-element-c57581e\" data-id=\"c57581e\" data-element_type=\"column\">\n\t\t\t<div class=\"elementor-widget-wrap\">\n\t\t\t\t\t\t\t<\/div>\n\t\t<\/div>\n\t\t\t\t\t<\/div>\n\t\t<\/section>\n\t\t\t\t<section class=\"elementor-section elementor-top-section elementor-element elementor-element-ababdf4 elementor-section-boxed elementor-section-height-default elementor-section-height-default\" data-id=\"ababdf4\" data-element_type=\"section\" data-settings=\"{&quot;background_background&quot;:&quot;classic&quot;}\">\n\t\t\t\t\t\t\t<div class=\"elementor-background-overlay\"><\/div>\n\t\t\t\t\t\t\t<div class=\"elementor-container elementor-column-gap-default\">\n\t\t\t\t\t<div class=\"elementor-column elementor-col-100 elementor-top-column elementor-element elementor-element-203cd62\" data-id=\"203cd62\" data-element_type=\"column\">\n\t\t\t<div class=\"elementor-widget-wrap elementor-element-populated\">\n\t\t\t\t\t\t<section class=\"elementor-section elementor-inner-section elementor-element elementor-element-e8f9276 elementor-section-content-middle elementor-section-boxed elementor-section-height-default elementor-section-height-default\" data-id=\"e8f9276\" data-element_type=\"section\">\n\t\t\t\t\t\t<div class=\"elementor-container elementor-column-gap-default\">\n\t\t\t\t\t<div class=\"elementor-column elementor-col-50 elementor-inner-column elementor-element elementor-element-8ed6be7\" data-id=\"8ed6be7\" data-element_type=\"column\">\n\t\t\t<div class=\"elementor-widget-wrap elementor-element-populated\">\n\t\t\t\t\t\t<div class=\"elementor-element elementor-element-2f5e18f elementor-widget elementor-widget-heading\" data-id=\"2f5e18f\" data-element_type=\"widget\" data-widget_type=\"heading.default\">\n\t\t\t\t<div class=\"elementor-widget-container\">\n\t\t\t<h2 class=\"elementor-heading-title elementor-size-default\">Canal cuneta<\/h2>\t\t<\/div>\n\t\t\t\t<\/div>\n\t\t\t\t<div class=\"elementor-element elementor-element-865119e elementor-widget elementor-widget-heading\" data-id=\"865119e\" data-element_type=\"widget\" data-widget_type=\"heading.default\">\n\t\t\t\t<div class=\"elementor-widget-container\">\n\t\t\t<h2 class=\"elementor-heading-title elementor-size-default\">Caracter\u00edstiques:<\/h2>\t\t<\/div>\n\t\t\t\t<\/div>\n\t\t\t\t\t<\/div>\n\t\t<\/div>\n\t\t\t\t<div class=\"elementor-column elementor-col-50 elementor-inner-column elementor-element elementor-element-5e796d7\" data-id=\"5e796d7\" data-element_type=\"column\">\n\t\t\t<div class=\"elementor-widget-wrap elementor-element-populated\">\n\t\t\t\t\t\t<div class=\"elementor-element elementor-element-4c01d85 elementor-align-right elementor-widget elementor-widget-button\" data-id=\"4c01d85\" data-element_type=\"widget\" data-widget_type=\"button.default\">\n\t\t\t\t<div class=\"elementor-widget-container\">\n\t\t\t\t\t<div class=\"elementor-button-wrapper\">\n\t\t\t<a class=\"elementor-button elementor-button-link elementor-size-sm\" href=\"https:\/\/www.tubs1313.com\/wp-content\/uploads\/2022\/04\/fitxes-tubs1313-2019-arrastrado-3_compressed-4.pdf\">\n\t\t\t\t\t\t<span class=\"elementor-button-content-wrapper\">\n\t\t\t\t\t\t<span class=\"elementor-button-text\">Descarregar fitxa<\/span>\n\t\t<\/span>\n\t\t\t\t\t<\/a>\n\t\t<\/div>\n\t\t\t\t<\/div>\n\t\t\t\t<\/div>\n\t\t\t\t\t<\/div>\n\t\t<\/div>\n\t\t\t\t\t<\/div>\n\t\t<\/section>\n\t\t\t\t<section class=\"elementor-section elementor-inner-section elementor-element elementor-element-422dcc2 elementor-section-boxed elementor-section-height-default elementor-section-height-default\" data-id=\"422dcc2\" data-element_type=\"section\">\n\t\t\t\t\t\t<div class=\"elementor-container elementor-column-gap-default\">\n\t\t\t\t\t<div class=\"elementor-column elementor-col-100 elementor-inner-column elementor-element elementor-element-bf8d8d3\" data-id=\"bf8d8d3\" data-element_type=\"column\">\n\t\t\t<div class=\"elementor-widget-wrap elementor-element-populated\">\n\t\t\t\t\t\t<div class=\"elementor-element elementor-element-85f435c elementor-icon-list--layout-traditional elementor-list-item-link-full_width elementor-widget elementor-widget-icon-list\" data-id=\"85f435c\" data-element_type=\"widget\" data-widget_type=\"icon-list.default\">\n\t\t\t\t<div class=\"elementor-widget-container\">\n\t\t\t<link rel=\"stylesheet\" href=\"https:\/\/www.tubs1313.com\/wp-content\/plugins\/elementor\/assets\/css\/widget-icon-list.min.css\">\t\t<ul class=\"elementor-icon-list-items\">\n\t\t\t\t\t\t\t<li class=\"elementor-icon-list-item\">\n\t\t\t\t\t\t\t\t\t\t\t<span class=\"elementor-icon-list-icon\">\n\t\t\t\t\t\t\t<i aria-hidden=\"true\" class=\"fas fa-circle\"><\/i>\t\t\t\t\t\t<\/span>\n\t\t\t\t\t\t\t\t\t\t<span class=\"elementor-icon-list-text\">Canal cuneta de 40x44x36x60.<\/span>\n\t\t\t\t\t\t\t\t\t<\/li>\n\t\t\t\t\t\t\t\t<li class=\"elementor-icon-list-item\">\n\t\t\t\t\t\t\t\t\t\t\t<span class=\"elementor-icon-list-icon\">\n\t\t\t\t\t\t\t<i aria-hidden=\"true\" class=\"fas fa-circle\"><\/i>\t\t\t\t\t\t<\/span>\n\t\t\t\t\t\t\t\t\t\t<span class=\"elementor-icon-list-text\">Les mesures i pesos s\u00f3n nominals i en cent\u00edmetres.<\/span>\n\t\t\t\t\t\t\t\t\t<\/li>\n\t\t\t\t\t\t\t\t<li class=\"elementor-icon-list-item\">\n\t\t\t\t\t\t\t\t\t\t\t<span class=\"elementor-icon-list-icon\">\n\t\t\t\t\t\t\t<i aria-hidden=\"true\" class=\"fas fa-circle\"><\/i>\t\t\t\t\t\t<\/span>\n\t\t\t\t\t\t\t\t\t\t<span class=\"elementor-icon-list-text\">El control de qualitat es realitza mitjan\u00e7ant assajos en laboratoris homologats.<\/span>\n\t\t\t\t\t\t\t\t\t<\/li>\n\t\t\t\t\t\t\t\t<li class=\"elementor-icon-list-item\">\n\t\t\t\t\t\t\t\t\t\t\t<span class=\"elementor-icon-list-icon\">\n\t\t\t\t\t\t\t<i aria-hidden=\"true\" class=\"fas fa-circle\"><\/i>\t\t\t\t\t\t<\/span>\n\t\t\t\t\t\t\t\t\t\t<span class=\"elementor-icon-list-text\">Es fabriquen per enc\u00e0rrec.<\/span>\n\t\t\t\t\t\t\t\t\t<\/li>\n\t\t\t\t\t\t\t\t<li class=\"elementor-icon-list-item\">\n\t\t\t\t\t\t\t\t\t\t\t<span class=\"elementor-icon-list-icon\">\n\t\t\t\t\t\t\t<i aria-hidden=\"true\" class=\"fas fa-circle\"><\/i>\t\t\t\t\t\t<\/span>\n\t\t\t\t\t\t\t\t\t\t<span class=\"elementor-icon-list-text\">Resist\u00e8ncia a la compressi\u00f3 350 kg\/cm\u00b2 segons UNE 83300\u00b73\u00b74\/84, 8313\/90 i 83301\/91.<\/span>\n\t\t\t\t\t\t\t\t\t<\/li>\n\t\t\t\t\t\t<\/ul>\n\t\t\t\t<\/div>\n\t\t\t\t<\/div>\n\t\t\t\t\t<\/div>\n\t\t<\/div>\n\t\t\t\t\t<\/div>\n\t\t<\/section>\n\t\t\t\t\t<\/div>\n\t\t<\/div>\n\t\t\t\t\t<\/div>\n\t\t<\/section>\n\t\t\t\t<\/div>\n\t\t","protected":false},"excerpt":{"rendered":"<p>Canals Pes 94 kg\/Un. Caracter\u00edstiques: Descarregar fitxa Canal cuneta de 40x44x36x60. Les mesures i pesos s\u00f3n nominals i en cent\u00edmetres. El control de qualitat es realitza mitjan\u00e7ant assajos en laboratoris homologats. Es fabriquen per enc\u00e0rrec. Resist\u00e8ncia a la compressi\u00f3 350 kg\/cm\u00b2 segons UNE 83300\u00b73\u00b74\/84, 8313\/90 i 83301\/91.<\/p>\n","protected":false},"author":1,"featured_media":2049,"parent":2143,"menu_order":0,"comment_status":"closed","ping_status":"closed","template":"elementor_header_footer","meta":{"site-sidebar-layout":"no-sidebar","site-content-layout":"page-builder","ast-main-header-display":"","ast-hfb-above-header-display":"","ast-hfb-below-header-display":"","ast-hfb-mobile-header-display":"","site-post-title":"disabled","ast-breadcrumbs-content":"","ast-featured-img":"disabled","footer-sml-layout":"","theme-transparent-header-meta":"","adv-header-id-meta":"","stick-header-meta":"","header-above-stick-meta":"","header-main-stick-meta":"","header-below-stick-meta":"","footnotes":""},"categoria":[22],"class_list":["post-2147","page","type-page","status-publish","has-post-thumbnail","hentry","categoria-canal"],"yoast_head":"<!-- This site is optimized with the Yoast SEO plugin v22.3 - https:\/\/yoast.com\/wordpress\/plugins\/seo\/ -->\n<title>Canal cuneta - Tubs1313<\/title>\n<meta name=\"robots\" content=\"index, follow, max-snippet:-1, max-image-preview:large, max-video-preview:-1\" \/>\n<link rel=\"canonical\" href=\"https:\/\/www.tubs1313.com\/canales\/canal-cuneta\/\" \/>\n<meta property=\"og:locale\" content=\"ca_ES\" \/>\n<meta property=\"og:type\" content=\"article\" \/>\n<meta property=\"og:title\" content=\"Canal cuneta - Tubs1313\" \/>\n<meta property=\"og:description\" content=\"Canals Pes 94 kg\/Un. Caracter\u00edstiques: Descarregar fitxa Canal cuneta de 40x44x36x60. Les mesures i pesos s\u00f3n nominals i en cent\u00edmetres. El control de qualitat es realitza mitjan\u00e7ant assajos en laboratoris homologats. Es fabriquen per enc\u00e0rrec. Resist\u00e8ncia a la compressi\u00f3 350 kg\/cm\u00b2 segons UNE 83300\u00b73\u00b74\/84, 8313\/90 i 83301\/91.\" \/>\n<meta property=\"og:url\" content=\"https:\/\/www.tubs1313.com\/canales\/canal-cuneta\/\" \/>\n<meta property=\"og:site_name\" content=\"Tubs1313\" \/>\n<meta property=\"article:modified_time\" content=\"2024-03-22T09:32:26+00:00\" \/>\n<meta property=\"og:image\" content=\"https:\/\/www.tubs1313.com\/wp-content\/uploads\/2022\/04\/Mesa-de-trabajo-11-1.png\" \/>\n\t<meta property=\"og:image:width\" content=\"801\" \/>\n\t<meta property=\"og:image:height\" content=\"801\" \/>\n\t<meta property=\"og:image:type\" content=\"image\/png\" \/>\n<meta name=\"twitter:card\" content=\"summary_large_image\" \/>\n<script type=\"application\/ld+json\" class=\"yoast-schema-graph\">{\"@context\":\"https:\/\/schema.org\",\"@graph\":[{\"@type\":\"WebPage\",\"@id\":\"https:\/\/www.tubs1313.com\/canales\/canal-cuneta\/\",\"url\":\"https:\/\/www.tubs1313.com\/canales\/canal-cuneta\/\",\"name\":\"Canal cuneta - Tubs1313\",\"isPartOf\":{\"@id\":\"https:\/\/www.tubs1313.com\/#website\"},\"primaryImageOfPage\":{\"@id\":\"https:\/\/www.tubs1313.com\/canales\/canal-cuneta\/#primaryimage\"},\"image\":{\"@id\":\"https:\/\/www.tubs1313.com\/canales\/canal-cuneta\/#primaryimage\"},\"thumbnailUrl\":\"https:\/\/www.tubs1313.com\/wp-content\/uploads\/2022\/04\/Mesa-de-trabajo-11-1.png\",\"datePublished\":\"2022-04-28T07:43:37+00:00\",\"dateModified\":\"2024-03-22T09:32:26+00:00\",\"breadcrumb\":{\"@id\":\"https:\/\/www.tubs1313.com\/canales\/canal-cuneta\/#breadcrumb\"},\"inLanguage\":\"ca\",\"potentialAction\":[{\"@type\":\"ReadAction\",\"target\":[\"https:\/\/www.tubs1313.com\/canales\/canal-cuneta\/\"]}]},{\"@type\":\"ImageObject\",\"inLanguage\":\"ca\",\"@id\":\"https:\/\/www.tubs1313.com\/canales\/canal-cuneta\/#primaryimage\",\"url\":\"https:\/\/www.tubs1313.com\/wp-content\/uploads\/2022\/04\/Mesa-de-trabajo-11-1.png\",\"contentUrl\":\"https:\/\/www.tubs1313.com\/wp-content\/uploads\/2022\/04\/Mesa-de-trabajo-11-1.png\",\"width\":801,\"height\":801},{\"@type\":\"BreadcrumbList\",\"@id\":\"https:\/\/www.tubs1313.com\/canales\/canal-cuneta\/#breadcrumb\",\"itemListElement\":[{\"@type\":\"ListItem\",\"position\":1,\"name\":\"Inici\",\"item\":\"https:\/\/www.tubs1313.com\/\"},{\"@type\":\"ListItem\",\"position\":2,\"name\":\"Canals\",\"item\":\"https:\/\/www.tubs1313.com\/canales\/\"},{\"@type\":\"ListItem\",\"position\":3,\"name\":\"Canal cuneta\"}]},{\"@type\":\"WebSite\",\"@id\":\"https:\/\/www.tubs1313.com\/#website\",\"url\":\"https:\/\/www.tubs1313.com\/\",\"name\":\"Tubs1313\",\"description\":\"Prefabricados de hormig\u00f3n\",\"publisher\":{\"@id\":\"https:\/\/www.tubs1313.com\/#organization\"},\"potentialAction\":[{\"@type\":\"SearchAction\",\"target\":{\"@type\":\"EntryPoint\",\"urlTemplate\":\"https:\/\/www.tubs1313.com\/?s={search_term_string}\"},\"query-input\":\"required name=search_term_string\"}],\"inLanguage\":\"ca\"},{\"@type\":\"Organization\",\"@id\":\"https:\/\/www.tubs1313.com\/#organization\",\"name\":\"Tubs1313\",\"url\":\"https:\/\/www.tubs1313.com\/\",\"logo\":{\"@type\":\"ImageObject\",\"inLanguage\":\"ca\",\"@id\":\"https:\/\/www.tubs1313.com\/#\/schema\/logo\/image\/\",\"url\":\"https:\/\/www.tubs1313.com\/wp-content\/uploads\/2023\/10\/cropped-tubs1313-logo.png\",\"contentUrl\":\"https:\/\/www.tubs1313.com\/wp-content\/uploads\/2023\/10\/cropped-tubs1313-logo.png\",\"width\":500,\"height\":378,\"caption\":\"Tubs1313\"},\"image\":{\"@id\":\"https:\/\/www.tubs1313.com\/#\/schema\/logo\/image\/\"}}]}<\/script>\n<!-- \/ Yoast SEO plugin. -->","yoast_head_json":{"title":"Canal cuneta - Tubs1313","robots":{"index":"index","follow":"follow","max-snippet":"max-snippet:-1","max-image-preview":"max-image-preview:large","max-video-preview":"max-video-preview:-1"},"canonical":"https:\/\/www.tubs1313.com\/canales\/canal-cuneta\/","og_locale":"ca_ES","og_type":"article","og_title":"Canal cuneta - Tubs1313","og_description":"Canals Pes 94 kg\/Un. Caracter\u00edstiques: Descarregar fitxa Canal cuneta de 40x44x36x60. Les mesures i pesos s\u00f3n nominals i en cent\u00edmetres. El control de qualitat es realitza mitjan\u00e7ant assajos en laboratoris homologats. Es fabriquen per enc\u00e0rrec. Resist\u00e8ncia a la compressi\u00f3 350 kg\/cm\u00b2 segons UNE 83300\u00b73\u00b74\/84, 8313\/90 i 83301\/91.","og_url":"https:\/\/www.tubs1313.com\/canales\/canal-cuneta\/","og_site_name":"Tubs1313","article_modified_time":"2024-03-22T09:32:26+00:00","og_image":[{"width":801,"height":801,"url":"https:\/\/www.tubs1313.com\/wp-content\/uploads\/2022\/04\/Mesa-de-trabajo-11-1.png","type":"image\/png"}],"twitter_card":"summary_large_image","schema":{"@context":"https:\/\/schema.org","@graph":[{"@type":"WebPage","@id":"https:\/\/www.tubs1313.com\/canales\/canal-cuneta\/","url":"https:\/\/www.tubs1313.com\/canales\/canal-cuneta\/","name":"Canal cuneta - Tubs1313","isPartOf":{"@id":"https:\/\/www.tubs1313.com\/#website"},"primaryImageOfPage":{"@id":"https:\/\/www.tubs1313.com\/canales\/canal-cuneta\/#primaryimage"},"image":{"@id":"https:\/\/www.tubs1313.com\/canales\/canal-cuneta\/#primaryimage"},"thumbnailUrl":"https:\/\/www.tubs1313.com\/wp-content\/uploads\/2022\/04\/Mesa-de-trabajo-11-1.png","datePublished":"2022-04-28T07:43:37+00:00","dateModified":"2024-03-22T09:32:26+00:00","breadcrumb":{"@id":"https:\/\/www.tubs1313.com\/canales\/canal-cuneta\/#breadcrumb"},"inLanguage":"ca","potentialAction":[{"@type":"ReadAction","target":["https:\/\/www.tubs1313.com\/canales\/canal-cuneta\/"]}]},{"@type":"ImageObject","inLanguage":"ca","@id":"https:\/\/www.tubs1313.com\/canales\/canal-cuneta\/#primaryimage","url":"https:\/\/www.tubs1313.com\/wp-content\/uploads\/2022\/04\/Mesa-de-trabajo-11-1.png","contentUrl":"https:\/\/www.tubs1313.com\/wp-content\/uploads\/2022\/04\/Mesa-de-trabajo-11-1.png","width":801,"height":801},{"@type":"BreadcrumbList","@id":"https:\/\/www.tubs1313.com\/canales\/canal-cuneta\/#breadcrumb","itemListElement":[{"@type":"ListItem","position":1,"name":"Inici","item":"https:\/\/www.tubs1313.com\/"},{"@type":"ListItem","position":2,"name":"Canals","item":"https:\/\/www.tubs1313.com\/canales\/"},{"@type":"ListItem","position":3,"name":"Canal cuneta"}]},{"@type":"WebSite","@id":"https:\/\/www.tubs1313.com\/#website","url":"https:\/\/www.tubs1313.com\/","name":"Tubs1313","description":"Prefabricados de hormig\u00f3n","publisher":{"@id":"https:\/\/www.tubs1313.com\/#organization"},"potentialAction":[{"@type":"SearchAction","target":{"@type":"EntryPoint","urlTemplate":"https:\/\/www.tubs1313.com\/?s={search_term_string}"},"query-input":"required name=search_term_string"}],"inLanguage":"ca"},{"@type":"Organization","@id":"https:\/\/www.tubs1313.com\/#organization","name":"Tubs1313","url":"https:\/\/www.tubs1313.com\/","logo":{"@type":"ImageObject","inLanguage":"ca","@id":"https:\/\/www.tubs1313.com\/#\/schema\/logo\/image\/","url":"https:\/\/www.tubs1313.com\/wp-content\/uploads\/2023\/10\/cropped-tubs1313-logo.png","contentUrl":"https:\/\/www.tubs1313.com\/wp-content\/uploads\/2023\/10\/cropped-tubs1313-logo.png","width":500,"height":378,"caption":"Tubs1313"},"image":{"@id":"https:\/\/www.tubs1313.com\/#\/schema\/logo\/image\/"}}]}},"acf":[],"_links":{"self":[{"href":"https:\/\/www.tubs1313.com\/ca\/wp-json\/wp\/v2\/pages\/2147","targetHints":{"allow":["GET"]}}],"collection":[{"href":"https:\/\/www.tubs1313.com\/ca\/wp-json\/wp\/v2\/pages"}],"about":[{"href":"https:\/\/www.tubs1313.com\/ca\/wp-json\/wp\/v2\/types\/page"}],"author":[{"embeddable":true,"href":"https:\/\/www.tubs1313.com\/ca\/wp-json\/wp\/v2\/users\/1"}],"replies":[{"embeddable":true,"href":"https:\/\/www.tubs1313.com\/ca\/wp-json\/wp\/v2\/comments?post=2147"}],"version-history":[{"count":3,"href":"https:\/\/www.tubs1313.com\/ca\/wp-json\/wp\/v2\/pages\/2147\/revisions"}],"predecessor-version":[{"id":2491,"href":"https:\/\/www.tubs1313.com\/ca\/wp-json\/wp\/v2\/pages\/2147\/revisions\/2491"}],"up":[{"embeddable":true,"href":"https:\/\/www.tubs1313.com\/ca\/wp-json\/wp\/v2\/pages\/2143"}],"wp:featuredmedia":[{"embeddable":true,"href":"https:\/\/www.tubs1313.com\/ca\/wp-json\/wp\/v2\/media\/2049"}],"wp:attachment":[{"href":"https:\/\/www.tubs1313.com\/ca\/wp-json\/wp\/v2\/media?parent=2147"}],"wp:term":[{"taxonomy":"categoria","embeddable":true,"href":"https:\/\/www.tubs1313.com\/ca\/wp-json\/wp\/v2\/categoria?post=2147"}],"curies":[{"name":"wp","href":"https:\/\/api.w.org\/{rel}","templated":true}]}}