{"id":2169,"date":"2022-04-26T09:59:28","date_gmt":"2022-04-26T07:59:28","guid":{"rendered":"https:\/\/www.tubs1313.com\/pous\/anells-per-a-pous\/"},"modified":"2024-03-22T09:50:40","modified_gmt":"2024-03-22T08:50:40","slug":"anells-per-a-pous","status":"publish","type":"page","link":"https:\/\/www.tubs1313.com\/ca\/pous\/anells-per-a-pous\/","title":{"rendered":"Anells per a pous"},"content":{"rendered":"\t\t<div data-elementor-type=\"wp-page\" data-elementor-id=\"2169\" class=\"elementor elementor-2169 elementor-856\" data-elementor-post-type=\"page\">\n\t\t\t\t\t\t<section class=\"elementor-section elementor-top-section elementor-element elementor-element-8fde50a elementor-section-content-bottom elementor-section-boxed elementor-section-height-default elementor-section-height-default\" data-id=\"8fde50a\" data-element_type=\"section\" data-settings=\"{&quot;background_background&quot;:&quot;classic&quot;}\">\n\t\t\t\t\t\t\t<div class=\"elementor-background-overlay\"><\/div>\n\t\t\t\t\t\t\t<div class=\"elementor-container elementor-column-gap-default\">\n\t\t\t\t\t<div class=\"elementor-column elementor-col-100 elementor-top-column elementor-element elementor-element-89bb19d\" data-id=\"89bb19d\" data-element_type=\"column\">\n\t\t\t<div class=\"elementor-widget-wrap elementor-element-populated\">\n\t\t\t\t\t\t<div class=\"elementor-element elementor-element-320e68c no-link elementor-widget elementor-widget-heading\" data-id=\"320e68c\" data-element_type=\"widget\" data-widget_type=\"heading.default\">\n\t\t\t\t<div class=\"elementor-widget-container\">\n\t\t\t<style>\/*! elementor - v3.20.0 - 20-03-2024 *\/\n.elementor-heading-title{padding:0;margin:0;line-height:1}.elementor-widget-heading .elementor-heading-title[class*=elementor-size-]>a{color:inherit;font-size:inherit;line-height:inherit}.elementor-widget-heading .elementor-heading-title.elementor-size-small{font-size:15px}.elementor-widget-heading .elementor-heading-title.elementor-size-medium{font-size:19px}.elementor-widget-heading .elementor-heading-title.elementor-size-large{font-size:29px}.elementor-widget-heading .elementor-heading-title.elementor-size-xl{font-size:39px}.elementor-widget-heading .elementor-heading-title.elementor-size-xxl{font-size:59px}<\/style><h2 class=\"elementor-heading-title elementor-size-default\"><a href=\"https:\/\/www.tubs1313.com\/ca\/pous\/\">Pous<\/a><\/h2>\t\t<\/div>\n\t\t\t\t<\/div>\n\t\t\t\t<div class=\"elementor-element elementor-element-9a76968 elementor-widget elementor-widget-theme-post-title elementor-page-title elementor-widget-heading\" data-id=\"9a76968\" data-element_type=\"widget\" data-widget_type=\"theme-post-title.default\">\n\t\t\t\t<div class=\"elementor-widget-container\">\n\t\t\t<h1 class=\"elementor-heading-title elementor-size-default\">Anells per a pous<\/h1>\t\t<\/div>\n\t\t\t\t<\/div>\n\t\t\t\t\t<\/div>\n\t\t<\/div>\n\t\t\t\t\t<\/div>\n\t\t<\/section>\n\t\t\t\t<section class=\"elementor-section elementor-top-section elementor-element elementor-element-ecad5b4 elementor-section-boxed elementor-section-height-default elementor-section-height-default\" data-id=\"ecad5b4\" data-element_type=\"section\">\n\t\t\t\t\t\t<div class=\"elementor-container elementor-column-gap-narrow\">\n\t\t\t\t\t<div class=\"elementor-column elementor-col-50 elementor-top-column elementor-element elementor-element-927d15d\" data-id=\"927d15d\" data-element_type=\"column\">\n\t\t\t<div class=\"elementor-widget-wrap elementor-element-populated\">\n\t\t\t\t\t\t<div class=\"elementor-element elementor-element-3dc420f elementor-widget elementor-widget-image\" data-id=\"3dc420f\" data-element_type=\"widget\" data-widget_type=\"image.default\">\n\t\t\t\t<div class=\"elementor-widget-container\">\n\t\t\t<style>\/*! elementor - v3.20.0 - 20-03-2024 *\/\n.elementor-widget-image{text-align:center}.elementor-widget-image a{display:inline-block}.elementor-widget-image a img[src$=\".svg\"]{width:48px}.elementor-widget-image img{vertical-align:middle;display:inline-block}<\/style>\t\t\t\t\t\t\t\t\t\t<img decoding=\"async\" src=\"https:\/\/www.tubs1313.com\/wp-content\/uploads\/elementor\/thumbs\/Mesa-de-trabajo-2-2-pnxgnyzf5i803h813qztowk02z0epfs4t96aychfgg.png\" title=\"Mesa de trabajo 2\" alt=\"Mesa de trabajo 2\" loading=\"lazy\" \/>\t\t\t\t\t\t\t\t\t\t\t\t\t<\/div>\n\t\t\t\t<\/div>\n\t\t\t\t\t<\/div>\n\t\t<\/div>\n\t\t\t\t<div class=\"elementor-column elementor-col-50 elementor-top-column elementor-element elementor-element-f0f0ff1\" data-id=\"f0f0ff1\" data-element_type=\"column\">\n\t\t\t<div class=\"elementor-widget-wrap elementor-element-populated\">\n\t\t\t\t\t\t<div class=\"elementor-element elementor-element-dee86e7 elementor-widget elementor-widget-image\" data-id=\"dee86e7\" data-element_type=\"widget\" data-widget_type=\"image.default\">\n\t\t\t\t<div class=\"elementor-widget-container\">\n\t\t\t\t\t\t\t\t\t\t\t\t\t<img decoding=\"async\" src=\"https:\/\/www.tubs1313.com\/wp-content\/uploads\/2022\/04\/Mesa-de-trabajo-13.svg\" class=\"attachment-full size-full wp-image-927\" alt=\"\" \/>\t\t\t\t\t\t\t\t\t\t\t\t\t<\/div>\n\t\t\t\t<\/div>\n\t\t\t\t\t<\/div>\n\t\t<\/div>\n\t\t\t\t\t<\/div>\n\t\t<\/section>\n\t\t\t\t<section class=\"elementor-section elementor-top-section elementor-element elementor-element-041ef24 elementor-section-boxed elementor-section-height-default elementor-section-height-default\" data-id=\"041ef24\" data-element_type=\"section\">\n\t\t\t\t\t\t<div class=\"elementor-container elementor-column-gap-default\">\n\t\t\t\t\t<div class=\"elementor-column elementor-col-100 elementor-top-column elementor-element elementor-element-0969c03\" data-id=\"0969c03\" data-element_type=\"column\">\n\t\t\t<div class=\"elementor-widget-wrap elementor-element-populated\">\n\t\t\t\t\t\t<div class=\"elementor-element elementor-element-8d0b211 elementor-widget elementor-widget-image\" data-id=\"8d0b211\" data-element_type=\"widget\" data-widget_type=\"image.default\">\n\t\t\t\t<div class=\"elementor-widget-container\">\n\t\t\t\t\t\t\t\t\t\t\t\t\t\t<a href=\"https:\/\/www.tubs1313.com\/wp-content\/uploads\/2022\/04\/Captura-de-pantalla-2022-04-26-a-las-12.27.50.png\" data-elementor-open-lightbox=\"yes\" data-elementor-lightbox-title=\"Captura de pantalla 2022-04-26 a las 12.27.50\" data-e-action-hash=\"#elementor-action%3Aaction%3Dlightbox%26settings%3DeyJpZCI6ODY1LCJ1cmwiOiJodHRwczpcL1wvd3d3LnR1YnMxMzEzLmNvbVwvd3AtY29udGVudFwvdXBsb2Fkc1wvMjAyMlwvMDRcL0NhcHR1cmEtZGUtcGFudGFsbGEtMjAyMi0wNC0yNi1hLWxhcy0xMi4yNy41MC5wbmcifQ%3D%3D\">\n\t\t\t\t\t\t\t<img fetchpriority=\"high\" decoding=\"async\" width=\"395\" height=\"223\" src=\"https:\/\/www.tubs1313.com\/wp-content\/uploads\/2022\/04\/Captura-de-pantalla-2022-04-26-a-las-12.27.50.png\" class=\"attachment-large size-large wp-image-865\" alt=\"\" srcset=\"https:\/\/www.tubs1313.com\/wp-content\/uploads\/2022\/04\/Captura-de-pantalla-2022-04-26-a-las-12.27.50.png 395w, https:\/\/www.tubs1313.com\/wp-content\/uploads\/2022\/04\/Captura-de-pantalla-2022-04-26-a-las-12.27.50-300x169.png 300w\" sizes=\"(max-width: 395px) 100vw, 395px\" \/>\t\t\t\t\t\t\t\t<\/a>\n\t\t\t\t\t\t\t\t\t\t\t\t\t<\/div>\n\t\t\t\t<\/div>\n\t\t\t\t\t<\/div>\n\t\t<\/div>\n\t\t\t\t\t<\/div>\n\t\t<\/section>\n\t\t\t\t<section class=\"elementor-section elementor-top-section elementor-element elementor-element-ababdf4 elementor-section-boxed elementor-section-height-default elementor-section-height-default\" data-id=\"ababdf4\" data-element_type=\"section\" data-settings=\"{&quot;background_background&quot;:&quot;classic&quot;}\">\n\t\t\t\t\t\t\t<div class=\"elementor-background-overlay\"><\/div>\n\t\t\t\t\t\t\t<div class=\"elementor-container elementor-column-gap-default\">\n\t\t\t\t\t<div class=\"elementor-column elementor-col-100 elementor-top-column elementor-element elementor-element-203cd62\" data-id=\"203cd62\" data-element_type=\"column\">\n\t\t\t<div class=\"elementor-widget-wrap elementor-element-populated\">\n\t\t\t\t\t\t<section class=\"elementor-section elementor-inner-section elementor-element elementor-element-e8f9276 elementor-section-content-middle elementor-section-boxed elementor-section-height-default elementor-section-height-default\" data-id=\"e8f9276\" data-element_type=\"section\">\n\t\t\t\t\t\t<div class=\"elementor-container elementor-column-gap-default\">\n\t\t\t\t\t<div class=\"elementor-column elementor-col-50 elementor-inner-column elementor-element elementor-element-8ed6be7\" data-id=\"8ed6be7\" data-element_type=\"column\">\n\t\t\t<div class=\"elementor-widget-wrap elementor-element-populated\">\n\t\t\t\t\t\t<div class=\"elementor-element elementor-element-2f5e18f elementor-widget elementor-widget-heading\" data-id=\"2f5e18f\" data-element_type=\"widget\" data-widget_type=\"heading.default\">\n\t\t\t\t<div class=\"elementor-widget-container\">\n\t\t\t<h2 class=\"elementor-heading-title elementor-size-default\">Anells per a pous<\/h2>\t\t<\/div>\n\t\t\t\t<\/div>\n\t\t\t\t<div class=\"elementor-element elementor-element-865119e elementor-widget elementor-widget-heading\" data-id=\"865119e\" data-element_type=\"widget\" data-widget_type=\"heading.default\">\n\t\t\t\t<div class=\"elementor-widget-container\">\n\t\t\t<h2 class=\"elementor-heading-title elementor-size-default\">Caracter\u00edstiques:<\/h2>\t\t<\/div>\n\t\t\t\t<\/div>\n\t\t\t\t\t<\/div>\n\t\t<\/div>\n\t\t\t\t<div class=\"elementor-column elementor-col-50 elementor-inner-column elementor-element elementor-element-5e796d7\" data-id=\"5e796d7\" data-element_type=\"column\">\n\t\t\t<div class=\"elementor-widget-wrap elementor-element-populated\">\n\t\t\t\t\t\t<div class=\"elementor-element elementor-element-4c01d85 elementor-align-right elementor-widget elementor-widget-button\" data-id=\"4c01d85\" data-element_type=\"widget\" data-widget_type=\"button.default\">\n\t\t\t\t<div class=\"elementor-widget-container\">\n\t\t\t\t\t<div class=\"elementor-button-wrapper\">\n\t\t\t<a class=\"elementor-button elementor-button-link elementor-size-sm\" href=\"https:\/\/www.tubs1313.com\/wp-content\/uploads\/2022\/04\/fitxes-tubs1313-2019-arrastrado_compressed-4.pdf\">\n\t\t\t\t\t\t<span class=\"elementor-button-content-wrapper\">\n\t\t\t\t\t\t<span class=\"elementor-button-text\">Descarregar fitxa<\/span>\n\t\t<\/span>\n\t\t\t\t\t<\/a>\n\t\t<\/div>\n\t\t\t\t<\/div>\n\t\t\t\t<\/div>\n\t\t\t\t\t<\/div>\n\t\t<\/div>\n\t\t\t\t\t<\/div>\n\t\t<\/section>\n\t\t\t\t<section class=\"elementor-section elementor-inner-section elementor-element elementor-element-422dcc2 elementor-section-boxed elementor-section-height-default elementor-section-height-default\" data-id=\"422dcc2\" data-element_type=\"section\">\n\t\t\t\t\t\t<div class=\"elementor-container elementor-column-gap-default\">\n\t\t\t\t\t<div class=\"elementor-column elementor-col-100 elementor-inner-column elementor-element elementor-element-bf8d8d3\" data-id=\"bf8d8d3\" data-element_type=\"column\">\n\t\t\t<div class=\"elementor-widget-wrap elementor-element-populated\">\n\t\t\t\t\t\t<div class=\"elementor-element elementor-element-85f435c elementor-icon-list--layout-traditional elementor-list-item-link-full_width elementor-widget elementor-widget-icon-list\" data-id=\"85f435c\" data-element_type=\"widget\" data-widget_type=\"icon-list.default\">\n\t\t\t\t<div class=\"elementor-widget-container\">\n\t\t\t<link rel=\"stylesheet\" href=\"https:\/\/www.tubs1313.com\/wp-content\/plugins\/elementor\/assets\/css\/widget-icon-list.min.css\">\t\t<ul class=\"elementor-icon-list-items\">\n\t\t\t\t\t\t\t<li class=\"elementor-icon-list-item\">\n\t\t\t\t\t\t\t\t\t\t\t<span class=\"elementor-icon-list-icon\">\n\t\t\t\t\t\t\t<i aria-hidden=\"true\" class=\"fas fa-circle\"><\/i>\t\t\t\t\t\t<\/span>\n\t\t\t\t\t\t\t\t\t\t<span class=\"elementor-icon-list-text\">Les mesures i pesos s\u00f3n nominals i en cent\u00edmetres.<\/span>\n\t\t\t\t\t\t\t\t\t<\/li>\n\t\t\t\t\t\t\t\t<li class=\"elementor-icon-list-item\">\n\t\t\t\t\t\t\t\t\t\t\t<span class=\"elementor-icon-list-icon\">\n\t\t\t\t\t\t\t<i aria-hidden=\"true\" class=\"fas fa-circle\"><\/i>\t\t\t\t\t\t<\/span>\n\t\t\t\t\t\t\t\t\t\t<span class=\"elementor-icon-list-text\">Resist\u00e8ncia a la compressi\u00f3 350 kg\/cm\u00b2 segons UNE 83300\u00b73\u00b74\/84, 8313\/90 i 83301\/91.<\/span>\n\t\t\t\t\t\t\t\t\t<\/li>\n\t\t\t\t\t\t\t\t<li class=\"elementor-icon-list-item\">\n\t\t\t\t\t\t\t\t\t\t\t<span class=\"elementor-icon-list-icon\">\n\t\t\t\t\t\t\t<i aria-hidden=\"true\" class=\"fas fa-circle\"><\/i>\t\t\t\t\t\t<\/span>\n\t\t\t\t\t\t\t\t\t\t<span class=\"elementor-icon-list-text\">Compleixen norma UNE-EN 1917.<\/span>\n\t\t\t\t\t\t\t\t\t<\/li>\n\t\t\t\t\t\t\t\t<li class=\"elementor-icon-list-item\">\n\t\t\t\t\t\t\t\t\t\t\t<span class=\"elementor-icon-list-icon\">\n\t\t\t\t\t\t\t<i aria-hidden=\"true\" class=\"fas fa-circle\"><\/i>\t\t\t\t\t\t<\/span>\n\t\t\t\t\t\t\t\t\t\t<span class=\"elementor-icon-list-text\">El control de qualitat es realitza mitjan\u00e7ant assajos en laboratoris homologats.<\/span>\n\t\t\t\t\t\t\t\t\t<\/li>\n\t\t\t\t\t\t\t\t<li class=\"elementor-icon-list-item\">\n\t\t\t\t\t\t\t\t\t\t\t<span class=\"elementor-icon-list-icon\">\n\t\t\t\t\t\t\t<i aria-hidden=\"true\" class=\"fas fa-circle\"><\/i>\t\t\t\t\t\t<\/span>\n\t\t\t\t\t\t\t\t\t\t<span class=\"elementor-icon-list-text\">Es fabriquen amb forats per als pates.<\/span>\n\t\t\t\t\t\t\t\t\t<\/li>\n\t\t\t\t\t\t\t\t<li class=\"elementor-icon-list-item\">\n\t\t\t\t\t\t\t\t\t\t\t<span class=\"elementor-icon-list-icon\">\n\t\t\t\t\t\t\t<i aria-hidden=\"true\" class=\"fas fa-circle\"><\/i>\t\t\t\t\t\t<\/span>\n\t\t\t\t\t\t\t\t\t\t<span class=\"elementor-icon-list-text\">Els anells de 110 d'alt, es poden fabricar amb pre-marques per a connexi\u00f3 de tubs.<\/span>\n\t\t\t\t\t\t\t\t\t<\/li>\n\t\t\t\t\t\t<\/ul>\n\t\t\t\t<\/div>\n\t\t\t\t<\/div>\n\t\t\t\t\t<\/div>\n\t\t<\/div>\n\t\t\t\t\t<\/div>\n\t\t<\/section>\n\t\t\t\t\t<\/div>\n\t\t<\/div>\n\t\t\t\t\t<\/div>\n\t\t<\/section>\n\t\t\t\t<\/div>\n\t\t","protected":false},"excerpt":{"rendered":"<p>Pous Caracter\u00edstiques: Descarregar fitxa Les mesures i pesos s\u00f3n nominals i en cent\u00edmetres. Resist\u00e8ncia a la compressi\u00f3 350 kg\/cm\u00b2 segons UNE 83300\u00b73\u00b74\/84, 8313\/90 i 83301\/91. Compleixen norma UNE-EN 1917. El control de qualitat es realitza mitjan\u00e7ant assajos en laboratoris homologats. Es fabriquen amb forats per als pates. Els anells de 110 d&#8217;alt, es poden fabricar &hellip;<\/p>\n<p class=\"read-more\"> <a class=\"\" href=\"https:\/\/www.tubs1313.com\/ca\/pous\/anells-per-a-pous\/\"> <span class=\"screen-reader-text\">Anells per a pous<\/span> Llegeix m\u00e9s &raquo;<\/a><\/p>\n","protected":false},"author":1,"featured_media":1985,"parent":2167,"menu_order":0,"comment_status":"closed","ping_status":"closed","template":"elementor_header_footer","meta":{"site-sidebar-layout":"no-sidebar","site-content-layout":"page-builder","ast-main-header-display":"","ast-hfb-above-header-display":"","ast-hfb-below-header-display":"","ast-hfb-mobile-header-display":"","site-post-title":"disabled","ast-breadcrumbs-content":"","ast-featured-img":"disabled","footer-sml-layout":"","theme-transparent-header-meta":"","adv-header-id-meta":"","stick-header-meta":"","header-above-stick-meta":"","header-main-stick-meta":"","header-below-stick-meta":"","footnotes":""},"categoria":[18],"class_list":["post-2169","page","type-page","status-publish","has-post-thumbnail","hentry","categoria-pozo"],"yoast_head":"<!-- This site is optimized with the Yoast SEO plugin v22.3 - https:\/\/yoast.com\/wordpress\/plugins\/seo\/ -->\n<title>Anells per a pous - Tubs1313<\/title>\n<meta name=\"robots\" content=\"index, follow, max-snippet:-1, max-image-preview:large, max-video-preview:-1\" \/>\n<link rel=\"canonical\" href=\"https:\/\/www.tubs1313.com\/pozos\/anillos-para-pozos\/\" \/>\n<meta property=\"og:locale\" content=\"ca_ES\" \/>\n<meta property=\"og:type\" content=\"article\" \/>\n<meta property=\"og:title\" content=\"Anells per a pous - Tubs1313\" \/>\n<meta property=\"og:description\" content=\"Pous Caracter\u00edstiques: Descarregar fitxa Les mesures i pesos s\u00f3n nominals i en cent\u00edmetres. Resist\u00e8ncia a la compressi\u00f3 350 kg\/cm\u00b2 segons UNE 83300\u00b73\u00b74\/84, 8313\/90 i 83301\/91. Compleixen norma UNE-EN 1917. El control de qualitat es realitza mitjan\u00e7ant assajos en laboratoris homologats. Es fabriquen amb forats per als pates. Els anells de 110 d&#8217;alt, es poden fabricar &hellip; Anells per a pous Llegeix m\u00e9s &raquo;\" \/>\n<meta property=\"og:url\" content=\"https:\/\/www.tubs1313.com\/pozos\/anillos-para-pozos\/\" \/>\n<meta property=\"og:site_name\" content=\"Tubs1313\" \/>\n<meta property=\"article:modified_time\" content=\"2024-03-22T08:50:40+00:00\" \/>\n<meta property=\"og:image\" content=\"https:\/\/www.tubs1313.com\/wp-content\/uploads\/2022\/04\/Mesa-de-trabajo-2-2.png\" \/>\n\t<meta property=\"og:image:width\" content=\"800\" \/>\n\t<meta property=\"og:image:height\" content=\"800\" \/>\n\t<meta property=\"og:image:type\" content=\"image\/png\" \/>\n<meta name=\"twitter:card\" content=\"summary_large_image\" \/>\n<script type=\"application\/ld+json\" class=\"yoast-schema-graph\">{\"@context\":\"https:\/\/schema.org\",\"@graph\":[{\"@type\":\"WebPage\",\"@id\":\"https:\/\/www.tubs1313.com\/pozos\/anillos-para-pozos\/\",\"url\":\"https:\/\/www.tubs1313.com\/pozos\/anillos-para-pozos\/\",\"name\":\"Anells per a pous - Tubs1313\",\"isPartOf\":{\"@id\":\"https:\/\/www.tubs1313.com\/#website\"},\"primaryImageOfPage\":{\"@id\":\"https:\/\/www.tubs1313.com\/pozos\/anillos-para-pozos\/#primaryimage\"},\"image\":{\"@id\":\"https:\/\/www.tubs1313.com\/pozos\/anillos-para-pozos\/#primaryimage\"},\"thumbnailUrl\":\"https:\/\/www.tubs1313.com\/wp-content\/uploads\/2022\/04\/Mesa-de-trabajo-2-2.png\",\"datePublished\":\"2022-04-26T07:59:28+00:00\",\"dateModified\":\"2024-03-22T08:50:40+00:00\",\"breadcrumb\":{\"@id\":\"https:\/\/www.tubs1313.com\/pozos\/anillos-para-pozos\/#breadcrumb\"},\"inLanguage\":\"ca\",\"potentialAction\":[{\"@type\":\"ReadAction\",\"target\":[\"https:\/\/www.tubs1313.com\/pozos\/anillos-para-pozos\/\"]}]},{\"@type\":\"ImageObject\",\"inLanguage\":\"ca\",\"@id\":\"https:\/\/www.tubs1313.com\/pozos\/anillos-para-pozos\/#primaryimage\",\"url\":\"https:\/\/www.tubs1313.com\/wp-content\/uploads\/2022\/04\/Mesa-de-trabajo-2-2.png\",\"contentUrl\":\"https:\/\/www.tubs1313.com\/wp-content\/uploads\/2022\/04\/Mesa-de-trabajo-2-2.png\",\"width\":800,\"height\":800},{\"@type\":\"BreadcrumbList\",\"@id\":\"https:\/\/www.tubs1313.com\/pozos\/anillos-para-pozos\/#breadcrumb\",\"itemListElement\":[{\"@type\":\"ListItem\",\"position\":1,\"name\":\"Inici\",\"item\":\"https:\/\/www.tubs1313.com\/\"},{\"@type\":\"ListItem\",\"position\":2,\"name\":\"Pous\",\"item\":\"https:\/\/www.tubs1313.com\/pozos\/\"},{\"@type\":\"ListItem\",\"position\":3,\"name\":\"Anells per a pous\"}]},{\"@type\":\"WebSite\",\"@id\":\"https:\/\/www.tubs1313.com\/#website\",\"url\":\"https:\/\/www.tubs1313.com\/\",\"name\":\"Tubs1313\",\"description\":\"Prefabricados de hormig\u00f3n\",\"publisher\":{\"@id\":\"https:\/\/www.tubs1313.com\/#organization\"},\"potentialAction\":[{\"@type\":\"SearchAction\",\"target\":{\"@type\":\"EntryPoint\",\"urlTemplate\":\"https:\/\/www.tubs1313.com\/?s={search_term_string}\"},\"query-input\":\"required name=search_term_string\"}],\"inLanguage\":\"ca\"},{\"@type\":\"Organization\",\"@id\":\"https:\/\/www.tubs1313.com\/#organization\",\"name\":\"Tubs1313\",\"url\":\"https:\/\/www.tubs1313.com\/\",\"logo\":{\"@type\":\"ImageObject\",\"inLanguage\":\"ca\",\"@id\":\"https:\/\/www.tubs1313.com\/#\/schema\/logo\/image\/\",\"url\":\"https:\/\/www.tubs1313.com\/wp-content\/uploads\/2023\/10\/cropped-tubs1313-logo.png\",\"contentUrl\":\"https:\/\/www.tubs1313.com\/wp-content\/uploads\/2023\/10\/cropped-tubs1313-logo.png\",\"width\":500,\"height\":378,\"caption\":\"Tubs1313\"},\"image\":{\"@id\":\"https:\/\/www.tubs1313.com\/#\/schema\/logo\/image\/\"}}]}<\/script>\n<!-- \/ Yoast SEO plugin. -->","yoast_head_json":{"title":"Anells per a pous - Tubs1313","robots":{"index":"index","follow":"follow","max-snippet":"max-snippet:-1","max-image-preview":"max-image-preview:large","max-video-preview":"max-video-preview:-1"},"canonical":"https:\/\/www.tubs1313.com\/pozos\/anillos-para-pozos\/","og_locale":"ca_ES","og_type":"article","og_title":"Anells per a pous - Tubs1313","og_description":"Pous Caracter\u00edstiques: Descarregar fitxa Les mesures i pesos s\u00f3n nominals i en cent\u00edmetres. Resist\u00e8ncia a la compressi\u00f3 350 kg\/cm\u00b2 segons UNE 83300\u00b73\u00b74\/84, 8313\/90 i 83301\/91. Compleixen norma UNE-EN 1917. El control de qualitat es realitza mitjan\u00e7ant assajos en laboratoris homologats. Es fabriquen amb forats per als pates. Els anells de 110 d&#8217;alt, es poden fabricar &hellip; Anells per a pous Llegeix m\u00e9s &raquo;","og_url":"https:\/\/www.tubs1313.com\/pozos\/anillos-para-pozos\/","og_site_name":"Tubs1313","article_modified_time":"2024-03-22T08:50:40+00:00","og_image":[{"width":800,"height":800,"url":"https:\/\/www.tubs1313.com\/wp-content\/uploads\/2022\/04\/Mesa-de-trabajo-2-2.png","type":"image\/png"}],"twitter_card":"summary_large_image","schema":{"@context":"https:\/\/schema.org","@graph":[{"@type":"WebPage","@id":"https:\/\/www.tubs1313.com\/pozos\/anillos-para-pozos\/","url":"https:\/\/www.tubs1313.com\/pozos\/anillos-para-pozos\/","name":"Anells per a pous - Tubs1313","isPartOf":{"@id":"https:\/\/www.tubs1313.com\/#website"},"primaryImageOfPage":{"@id":"https:\/\/www.tubs1313.com\/pozos\/anillos-para-pozos\/#primaryimage"},"image":{"@id":"https:\/\/www.tubs1313.com\/pozos\/anillos-para-pozos\/#primaryimage"},"thumbnailUrl":"https:\/\/www.tubs1313.com\/wp-content\/uploads\/2022\/04\/Mesa-de-trabajo-2-2.png","datePublished":"2022-04-26T07:59:28+00:00","dateModified":"2024-03-22T08:50:40+00:00","breadcrumb":{"@id":"https:\/\/www.tubs1313.com\/pozos\/anillos-para-pozos\/#breadcrumb"},"inLanguage":"ca","potentialAction":[{"@type":"ReadAction","target":["https:\/\/www.tubs1313.com\/pozos\/anillos-para-pozos\/"]}]},{"@type":"ImageObject","inLanguage":"ca","@id":"https:\/\/www.tubs1313.com\/pozos\/anillos-para-pozos\/#primaryimage","url":"https:\/\/www.tubs1313.com\/wp-content\/uploads\/2022\/04\/Mesa-de-trabajo-2-2.png","contentUrl":"https:\/\/www.tubs1313.com\/wp-content\/uploads\/2022\/04\/Mesa-de-trabajo-2-2.png","width":800,"height":800},{"@type":"BreadcrumbList","@id":"https:\/\/www.tubs1313.com\/pozos\/anillos-para-pozos\/#breadcrumb","itemListElement":[{"@type":"ListItem","position":1,"name":"Inici","item":"https:\/\/www.tubs1313.com\/"},{"@type":"ListItem","position":2,"name":"Pous","item":"https:\/\/www.tubs1313.com\/pozos\/"},{"@type":"ListItem","position":3,"name":"Anells per a pous"}]},{"@type":"WebSite","@id":"https:\/\/www.tubs1313.com\/#website","url":"https:\/\/www.tubs1313.com\/","name":"Tubs1313","description":"Prefabricados de hormig\u00f3n","publisher":{"@id":"https:\/\/www.tubs1313.com\/#organization"},"potentialAction":[{"@type":"SearchAction","target":{"@type":"EntryPoint","urlTemplate":"https:\/\/www.tubs1313.com\/?s={search_term_string}"},"query-input":"required name=search_term_string"}],"inLanguage":"ca"},{"@type":"Organization","@id":"https:\/\/www.tubs1313.com\/#organization","name":"Tubs1313","url":"https:\/\/www.tubs1313.com\/","logo":{"@type":"ImageObject","inLanguage":"ca","@id":"https:\/\/www.tubs1313.com\/#\/schema\/logo\/image\/","url":"https:\/\/www.tubs1313.com\/wp-content\/uploads\/2023\/10\/cropped-tubs1313-logo.png","contentUrl":"https:\/\/www.tubs1313.com\/wp-content\/uploads\/2023\/10\/cropped-tubs1313-logo.png","width":500,"height":378,"caption":"Tubs1313"},"image":{"@id":"https:\/\/www.tubs1313.com\/#\/schema\/logo\/image\/"}}]}},"acf":[],"_links":{"self":[{"href":"https:\/\/www.tubs1313.com\/ca\/wp-json\/wp\/v2\/pages\/2169","targetHints":{"allow":["GET"]}}],"collection":[{"href":"https:\/\/www.tubs1313.com\/ca\/wp-json\/wp\/v2\/pages"}],"about":[{"href":"https:\/\/www.tubs1313.com\/ca\/wp-json\/wp\/v2\/types\/page"}],"author":[{"embeddable":true,"href":"https:\/\/www.tubs1313.com\/ca\/wp-json\/wp\/v2\/users\/1"}],"replies":[{"embeddable":true,"href":"https:\/\/www.tubs1313.com\/ca\/wp-json\/wp\/v2\/comments?post=2169"}],"version-history":[{"count":3,"href":"https:\/\/www.tubs1313.com\/ca\/wp-json\/wp\/v2\/pages\/2169\/revisions"}],"predecessor-version":[{"id":2393,"href":"https:\/\/www.tubs1313.com\/ca\/wp-json\/wp\/v2\/pages\/2169\/revisions\/2393"}],"up":[{"embeddable":true,"href":"https:\/\/www.tubs1313.com\/ca\/wp-json\/wp\/v2\/pages\/2167"}],"wp:featuredmedia":[{"embeddable":true,"href":"https:\/\/www.tubs1313.com\/ca\/wp-json\/wp\/v2\/media\/1985"}],"wp:attachment":[{"href":"https:\/\/www.tubs1313.com\/ca\/wp-json\/wp\/v2\/media?parent=2169"}],"wp:term":[{"taxonomy":"categoria","embeddable":true,"href":"https:\/\/www.tubs1313.com\/ca\/wp-json\/wp\/v2\/categoria?post=2169"}],"curies":[{"name":"wp","href":"https:\/\/api.w.org\/{rel}","templated":true}]}}